{"id":3876,"date":"2022-06-02T09:48:21","date_gmt":"2022-06-02T09:51:30","guid":{"rendered":"https:\/\/art.katalin.es\/product\/waves-of-fire\/"},"modified":"2022-06-02T09:51:30","modified_gmt":"2022-06-02T09:51:30","slug":"waves-of-fire","status":"publish","type":"product","link":"https:\/\/art.katalin.es\/es\/product\/waves-of-fire\/","title":{"rendered":"Waves of Fire"},"content":{"rendered":"","protected":false},"excerpt":{"rendered":"<p>Obra original, hecha a mano con tintas al alcohol sobre papel sint\u00e9tico, sobre papel sint\u00e9tico y colocada sobre un tablero de espuma extra ligero (listo para colgarlo).<\/p>\n<p>Size 30&#215;40 cm<\/p>\n<p>Esta pieza est\u00e1 sellada con m\u00faltiples capas de barniz y protecci\u00f3n UV.<\/p>\n<p>Las tintas al alcohol, como muchas obras de arte, son sensibles a la luz ultravioleta fuerte, no deben exponerse la luz solar directa.<\/p>\n[video width=\"1920\" height=\"1080\" mp4=\"https:\/\/art.katalin.es\/wp-content\/uploads\/2022\/06\/YouCut_20220315_125933350.mp4\"][\/video]\n<p>La pieza se vende sin marco para facilitar su env\u00edo. Si lo deseas, tambi\u00e9n ofrezco la opci\u00f3n de solicitarlo con marco incluido.<\/p>\n<p>Se adjunta certificado de autenticidad.<\/p>\n<p>Gastos de env\u00edo no incluidos.<\/p>\n","protected":false},"featured_media":3855,"template":"","meta":[],"product_cat":[102],"product_tag":[],"class_list":["post-3876","product","type-product","status-publish","has-post-thumbnail","hentry","product_cat-tintas-al-alcohol"],"_links":{"self":[{"href":"https:\/\/art.katalin.es\/es\/wp-json\/wp\/v2\/product\/3876","targetHints":{"allow":["GET"]}}],"collection":[{"href":"https:\/\/art.katalin.es\/es\/wp-json\/wp\/v2\/product"}],"about":[{"href":"https:\/\/art.katalin.es\/es\/wp-json\/wp\/v2\/types\/product"}],"version-history":[{"count":0,"href":"https:\/\/art.katalin.es\/es\/wp-json\/wp\/v2\/product\/3876\/revisions"}],"wp:featuredmedia":[{"embeddable":true,"href":"https:\/\/art.katalin.es\/es\/wp-json\/wp\/v2\/media\/3855"}],"wp:attachment":[{"href":"https:\/\/art.katalin.es\/es\/wp-json\/wp\/v2\/media?parent=3876"}],"wp:term":[{"taxonomy":"product_cat","embeddable":true,"href":"https:\/\/art.katalin.es\/es\/wp-json\/wp\/v2\/product_cat?post=3876"},{"taxonomy":"product_tag","embeddable":true,"href":"https:\/\/art.katalin.es\/es\/wp-json\/wp\/v2\/product_tag?post=3876"}],"curies":[{"name":"wp","href":"https:\/\/api.w.org\/{rel}","templated":true}]}}