{"id":3836,"date":"2022-06-02T08:59:58","date_gmt":"2022-06-02T09:07:09","guid":{"rendered":"https:\/\/art.katalin.es\/product\/3836\/"},"modified":"2022-06-02T09:38:19","modified_gmt":"2022-06-02T09:38:19","slug":"3836","status":"publish","type":"product","link":"https:\/\/art.katalin.es\/es\/product\/3836\/","title":{"rendered":"Pink in Caf\u00e9"},"content":{"rendered":"","protected":false},"excerpt":{"rendered":"<p>Obra original, hecha a mano con tintas al alcohol sobre papel sint\u00e9tico, sobre papel sint\u00e9tico y colocada sobre un tablero de espuma extra ligero (listo para colgarlo).<\/p>\n<p>Size 30x40cm<\/p>\n<p>Esta pieza est\u00e1 sellada con m\u00faltiples capas de barniz y protecci\u00f3n UV.<\/p>\n<p>Las tintas al alcohol, como muchas obras de arte, son sensibles a la luz ultravioleta fuerte, no deben exponerse la luz solar directa.<\/p>\n<p>La pieza se vende sin marco para facilitar su env\u00edo. Si lo deseas, tambi\u00e9n ofrezco la opci\u00f3n de solicitarlo con marco incluido.<\/p>\n<p>Se adjunta certificado de autenticidad.<\/p>\n<p>Gastos de env\u00edo no incluidos.<\/p>\n","protected":false},"featured_media":3816,"template":"","meta":[],"product_cat":[102],"product_tag":[],"class_list":["post-3836","product","type-product","status-publish","has-post-thumbnail","hentry","product_cat-tintas-al-alcohol"],"_links":{"self":[{"href":"https:\/\/art.katalin.es\/es\/wp-json\/wp\/v2\/product\/3836","targetHints":{"allow":["GET"]}}],"collection":[{"href":"https:\/\/art.katalin.es\/es\/wp-json\/wp\/v2\/product"}],"about":[{"href":"https:\/\/art.katalin.es\/es\/wp-json\/wp\/v2\/types\/product"}],"version-history":[{"count":1,"href":"https:\/\/art.katalin.es\/es\/wp-json\/wp\/v2\/product\/3836\/revisions"}],"predecessor-version":[{"id":3852,"href":"https:\/\/art.katalin.es\/es\/wp-json\/wp\/v2\/product\/3836\/revisions\/3852"}],"wp:featuredmedia":[{"embeddable":true,"href":"https:\/\/art.katalin.es\/es\/wp-json\/wp\/v2\/media\/3816"}],"wp:attachment":[{"href":"https:\/\/art.katalin.es\/es\/wp-json\/wp\/v2\/media?parent=3836"}],"wp:term":[{"taxonomy":"product_cat","embeddable":true,"href":"https:\/\/art.katalin.es\/es\/wp-json\/wp\/v2\/product_cat?post=3836"},{"taxonomy":"product_tag","embeddable":true,"href":"https:\/\/art.katalin.es\/es\/wp-json\/wp\/v2\/product_tag?post=3836"}],"curies":[{"name":"wp","href":"https:\/\/api.w.org\/{rel}","templated":true}]}}