{"id":3772,"date":"2022-04-29T13:35:06","date_gmt":"2022-04-29T13:47:13","guid":{"rendered":"https:\/\/art.katalin.es\/product\/turquoise-waves\/"},"modified":"2022-04-29T13:52:02","modified_gmt":"2022-04-29T13:52:02","slug":"turquoise-waves","status":"publish","type":"product","link":"https:\/\/art.katalin.es\/es\/product\/turquoise-waves\/","title":{"rendered":"Turquoise Waves"},"content":{"rendered":"","protected":false},"excerpt":{"rendered":"<p>Obra original, hecha a mano con tintas al alcohol sobre papel sint\u00e9tico, sobre papel sint\u00e9tico y colocada sobre un tablero de espuma extra ligero (listo para colgarlo).<\/p>\n<p>Medidas 21x34cm<\/p>\n<p>Esta pieza est\u00e1 sellada con m\u00faltiples capas de barniz y protecci\u00f3n UV.<\/p>\n<p>Las tintas al alcohol, como muchas obras de arte, son sensibles a la luz ultravioleta fuerte, no deben exponerse la luz solar directa.<\/p>\n[video width=\"1920\" height=\"1080\" mp4=\"https:\/\/art.katalin.es\/wp-content\/uploads\/2022\/04\/Turquoise_Waves.mp4\"][\/video]\n<p>La pieza se vende sin marco para facilitar su env\u00edo. Si lo deseas, tambi\u00e9n ofrezco la opci\u00f3n de solicitarlo con marco incluido.<\/p>\n<p>Se adjunta certificado de autenticidad.<\/p>\n<p>Gastos de env\u00edo no incluidos.<\/p>\n","protected":false},"featured_media":3758,"template":"","meta":[],"product_cat":[102],"product_tag":[],"class_list":["post-3772","product","type-product","status-publish","has-post-thumbnail","hentry","product_cat-tintas-al-alcohol"],"_links":{"self":[{"href":"https:\/\/art.katalin.es\/es\/wp-json\/wp\/v2\/product\/3772","targetHints":{"allow":["GET"]}}],"collection":[{"href":"https:\/\/art.katalin.es\/es\/wp-json\/wp\/v2\/product"}],"about":[{"href":"https:\/\/art.katalin.es\/es\/wp-json\/wp\/v2\/types\/product"}],"version-history":[{"count":1,"href":"https:\/\/art.katalin.es\/es\/wp-json\/wp\/v2\/product\/3772\/revisions"}],"predecessor-version":[{"id":3773,"href":"https:\/\/art.katalin.es\/es\/wp-json\/wp\/v2\/product\/3772\/revisions\/3773"}],"wp:featuredmedia":[{"embeddable":true,"href":"https:\/\/art.katalin.es\/es\/wp-json\/wp\/v2\/media\/3758"}],"wp:attachment":[{"href":"https:\/\/art.katalin.es\/es\/wp-json\/wp\/v2\/media?parent=3772"}],"wp:term":[{"taxonomy":"product_cat","embeddable":true,"href":"https:\/\/art.katalin.es\/es\/wp-json\/wp\/v2\/product_cat?post=3772"},{"taxonomy":"product_tag","embeddable":true,"href":"https:\/\/art.katalin.es\/es\/wp-json\/wp\/v2\/product_tag?post=3772"}],"curies":[{"name":"wp","href":"https:\/\/api.w.org\/{rel}","templated":true}]}}