{"id":3540,"date":"2022-01-11T10:13:45","date_gmt":"2022-02-14T12:43:11","guid":{"rendered":"https:\/\/art.katalin.es\/product\/iceland-i\/"},"modified":"2022-04-05T11:36:41","modified_gmt":"2022-04-05T11:36:41","slug":"iceland-i","status":"publish","type":"product","link":"https:\/\/art.katalin.es\/es\/product\/iceland-i\/","title":{"rendered":"Iceland I."},"content":{"rendered":"","protected":false},"excerpt":{"rendered":"<p>Obra original, hecha a mano con tintas al alcohol sobre papel sint\u00e9tico.<\/p>\n<p>Medidas: 70&#215;100 cm<\/p>\n<p>Esta pieza est\u00e1 sellada con m\u00faltiples capas de barniz y protecci\u00f3n UV.<\/p>\n<p>Las tintas al alcohol, como muchas obras de arte, son sensibles a la luz ultravioleta fuerte, no deben exponerse a la luz solar directa.<\/p>\n[video width=\"1920\" height=\"1080\" mp4=\"https:\/\/art.katalin.es\/wp-content\/uploads\/2022\/01\/Iceland-I..mp4\"][\/video]\n<p>&nbsp;<\/p>\n<p>La pieza se vende sin marco para facilitar su env\u00edo. Si lo deseas, tambi\u00e9n ofrezco la opci\u00f3n de solicitarlo con marco incluido.<\/p>\n<p>Se adjunta certificado de autenticidad.<\/p>\n<p>Gastos de env\u00edo no incluidos.<\/p>\n","protected":false},"featured_media":3199,"template":"","meta":[],"product_cat":[102],"product_tag":[],"class_list":["post-3540","product","type-product","status-publish","has-post-thumbnail","hentry","product_cat-tintas-al-alcohol"],"_links":{"self":[{"href":"https:\/\/art.katalin.es\/es\/wp-json\/wp\/v2\/product\/3540","targetHints":{"allow":["GET"]}}],"collection":[{"href":"https:\/\/art.katalin.es\/es\/wp-json\/wp\/v2\/product"}],"about":[{"href":"https:\/\/art.katalin.es\/es\/wp-json\/wp\/v2\/types\/product"}],"version-history":[{"count":3,"href":"https:\/\/art.katalin.es\/es\/wp-json\/wp\/v2\/product\/3540\/revisions"}],"predecessor-version":[{"id":3737,"href":"https:\/\/art.katalin.es\/es\/wp-json\/wp\/v2\/product\/3540\/revisions\/3737"}],"wp:featuredmedia":[{"embeddable":true,"href":"https:\/\/art.katalin.es\/es\/wp-json\/wp\/v2\/media\/3199"}],"wp:attachment":[{"href":"https:\/\/art.katalin.es\/es\/wp-json\/wp\/v2\/media?parent=3540"}],"wp:term":[{"taxonomy":"product_cat","embeddable":true,"href":"https:\/\/art.katalin.es\/es\/wp-json\/wp\/v2\/product_cat?post=3540"},{"taxonomy":"product_tag","embeddable":true,"href":"https:\/\/art.katalin.es\/es\/wp-json\/wp\/v2\/product_tag?post=3540"}],"curies":[{"name":"wp","href":"https:\/\/api.w.org\/{rel}","templated":true}]}}