{"id":3534,"date":"2022-01-11T10:59:19","date_gmt":"2022-02-14T12:34:53","guid":{"rendered":"https:\/\/art.katalin.es\/product\/primary-flowers\/"},"modified":"2022-04-05T11:31:55","modified_gmt":"2022-04-05T11:31:55","slug":"primary-flowers","status":"publish","type":"product","link":"https:\/\/art.katalin.es\/es\/product\/primary-flowers\/","title":{"rendered":"Primary Flowers"},"content":{"rendered":"","protected":false},"excerpt":{"rendered":"<p>Obra original, hecha a mano con tintas al alcohol sobre papel sint\u00e9tico.<\/p>\n<p>Medidas: 21&#215;30 cm<\/p>\n<p>Esta pieza est\u00e1 sellada con m\u00faltiples capas de barniz y protecci\u00f3n UV.<\/p>\n<p>Las tintas al alcohol, como muchas obras de arte, son sensibles a la luz ultravioleta fuerte, no deben exponerse a la luz solar directa.<\/p>\n[video width=\"1920\" height=\"1080\" mp4=\"https:\/\/art.katalin.es\/wp-content\/uploads\/2022\/01\/Primary-Flowers.mp4\"][\/video]\n<p>&nbsp;<\/p>\n<p>La pieza se vende sin marco para facilitar su env\u00edo. Si lo deseas, tambi\u00e9n ofrezco la opci\u00f3n de solicitarlo con marco incluido.<\/p>\n<p>Se adjunta certificado de autenticidad.<\/p>\n<p>Gastos de env\u00edo no incluidos.<\/p>\n","protected":false},"featured_media":3317,"template":"","meta":[],"product_cat":[102],"product_tag":[],"class_list":["post-3534","product","type-product","status-publish","has-post-thumbnail","hentry","product_cat-tintas-al-alcohol"],"_links":{"self":[{"href":"https:\/\/art.katalin.es\/es\/wp-json\/wp\/v2\/product\/3534","targetHints":{"allow":["GET"]}}],"collection":[{"href":"https:\/\/art.katalin.es\/es\/wp-json\/wp\/v2\/product"}],"about":[{"href":"https:\/\/art.katalin.es\/es\/wp-json\/wp\/v2\/types\/product"}],"version-history":[{"count":4,"href":"https:\/\/art.katalin.es\/es\/wp-json\/wp\/v2\/product\/3534\/revisions"}],"predecessor-version":[{"id":3731,"href":"https:\/\/art.katalin.es\/es\/wp-json\/wp\/v2\/product\/3534\/revisions\/3731"}],"wp:featuredmedia":[{"embeddable":true,"href":"https:\/\/art.katalin.es\/es\/wp-json\/wp\/v2\/media\/3317"}],"wp:attachment":[{"href":"https:\/\/art.katalin.es\/es\/wp-json\/wp\/v2\/media?parent=3534"}],"wp:term":[{"taxonomy":"product_cat","embeddable":true,"href":"https:\/\/art.katalin.es\/es\/wp-json\/wp\/v2\/product_cat?post=3534"},{"taxonomy":"product_tag","embeddable":true,"href":"https:\/\/art.katalin.es\/es\/wp-json\/wp\/v2\/product_tag?post=3534"}],"curies":[{"name":"wp","href":"https:\/\/api.w.org\/{rel}","templated":true}]}}